{"id":42302,"date":"2019-08-22T22:33:08","date_gmt":"2019-08-22T22:33:08","guid":{"rendered":"https:\/\/herway.net\/?page_id=42302"},"modified":"2019-08-22T22:33:10","modified_gmt":"2019-08-22T22:33:10","slug":"declaracion-de-afiliacion-a-amazon","status":"publish","type":"page","link":"https:\/\/herway.net\/es\/declaracion-de-afiliacion-a-amazon\/","title":{"rendered":"Declaraci\u00f3n de afiliaci\u00f3n a Amazon"},"content":{"rendered":"<p>Participamos en el Programa de Asociados de Amazon Services LLC, un programa publicitario de afiliaci\u00f3n dise\u00f1ado para proporcionarnos un medio para ganar comisiones mediante enlaces a Amazon.com y sitios afiliados.<\/p>\n<p>Este blog acepta formas de publicidad en efectivo, patrocinio, inserciones pagadas u otras formas de compensaci\u00f3n.<\/p>\n<p>Este blog se rige por las normas del marketing boca a boca. Creemos en la honestidad de la relaci\u00f3n, la opini\u00f3n y la identidad. La remuneraci\u00f3n recibida puede influir en el contenido publicitario, los temas o los posts realizados en este blog. Ese contenido, espacio publicitario o post estar\u00e1 claramente identificado como contenido pagado o patrocinado.<\/p>\n<p>The owner(s) of this blog is compensated to provide opinion on products, services, websites and various other topics. Even though the owner(s) of this blog receives compensation for our posts or advertisements, we always give our honest opinions, findings, beliefs, or experiences on those topics or products. The views and opinions expressed on this blog are purely the bloggers\u2019 own. Any product claim, statistic, quote or other representation about a product or service should be verified with the manufacturer, provider or party in question.<\/p>\n<p>The owner(s) of this blog would like to disclose the following existing relationships. These are companies, organizations or individuals that may have a significant impact on the content of this blog. We are sellers on\u00a0Amazon.com. Although we can promote products we sell on this site, we cannot receive an Amazon affiliate commission on those products should you purchase them.<\/p>\n<p>\u00a0<\/p>","protected":false},"excerpt":{"rendered":"","protected":false},"author":39,"featured_media":0,"parent":0,"menu_order":0,"comment_status":"closed","ping_status":"closed","template":"","meta":{"_kad_blocks_custom_css":"","_kad_blocks_head_custom_js":"","_kad_blocks_body_custom_js":"","_kad_blocks_footer_custom_js":"","_kadence_starter_templates_imported_post":false,"_kad_post_transparent":"","_kad_post_title":"","_kad_post_layout":"","_kad_post_sidebar_id":"","_kad_post_content_style":"","_kad_post_vertical_padding":"","_kad_post_feature":"","_kad_post_feature_position":"","_kad_post_header":false,"_kad_post_footer":false,"footnotes":""},"class_list":["post-42302","page","type-page","status-publish","hentry"],"taxonomy_info":[],"featured_image_src_large":false,"author_info":{"display_name":"Owen Scott","author_link":"https:\/\/herway.net\/es\/author\/hase\/"},"comment_info":0,"_links":{"self":[{"href":"https:\/\/herway.net\/es\/wp-json\/wp\/v2\/pages\/42302","targetHints":{"allow":["GET"]}}],"collection":[{"href":"https:\/\/herway.net\/es\/wp-json\/wp\/v2\/pages"}],"about":[{"href":"https:\/\/herway.net\/es\/wp-json\/wp\/v2\/types\/page"}],"author":[{"embeddable":true,"href":"https:\/\/herway.net\/es\/wp-json\/wp\/v2\/users\/39"}],"replies":[{"embeddable":true,"href":"https:\/\/herway.net\/es\/wp-json\/wp\/v2\/comments?post=42302"}],"version-history":[{"count":0,"href":"https:\/\/herway.net\/es\/wp-json\/wp\/v2\/pages\/42302\/revisions"}],"wp:attachment":[{"href":"https:\/\/herway.net\/es\/wp-json\/wp\/v2\/media?parent=42302"}],"curies":[{"name":"wp","href":"https:\/\/api.w.org\/{rel}","templated":true}]}}