{"id":302,"date":"2017-05-10T21:28:34","date_gmt":"2017-05-10T21:28:34","guid":{"rendered":"http:\/\/herway.net\/?page_id=302"},"modified":"2022-05-10T13:10:49","modified_gmt":"2022-05-10T13:10:49","slug":"informativa-sulla-privacy","status":"publish","type":"page","link":"https:\/\/herway.net\/it\/informativa-sulla-privacy\/","title":{"rendered":"Informativa sulla privacy"},"content":{"rendered":"<h3>Pubblicit\u00e0 programmatica Mediavine (versione 1.1)<\/h3>\n<p>The Website works with Mediavine to manage third-party interest-based advertising appearing on the Website. Mediavine serves content and advertisements when you visit the Website, which may use first and third-party cookies. A cookie is a small text file which is sent to your computer or mobile device (referred to in this policy as a \u201cdevice\u201d) by the web server so that a website can remember some information about your browsing activity on the Website.<\/p>\n<p>First party cookies are created by the website that you are visiting. A third-party cookie is frequently used in behavioral advertising and analytics and is created by a domain other than the website you are visiting. Third-party cookies, tags, pixels, beacons and other similar technologies (collectively, \u201cTags\u201d) may be placed on the Website to monitor interaction with advertising content and to target and optimize advertising. Each internet browser has functionality so that you can block both first and third-party cookies and clear your browser\u2019s cache. The &#8220;help&#8221; feature of the menu bar on most browsers will tell you how to stop accepting new cookies, how to receive notification of new cookies, how to disable existing cookies and how to clear your browser\u2019s cache. For more information about cookies and how to disable them, you can consult the information at <a href=\"https:\/\/www.allaboutcookies.org\/manage-cookies\/\" target=\"_blank\" rel=\"noreferrer noopener nofollow\">Tutto sui biscotti<\/a>.<\/p>\n<p>Senza i cookie l'utente potrebbe non essere in grado di sfruttare appieno i contenuti e le funzionalit\u00e0 del Sito. Si noti che il rifiuto dei cookie non significa che non si vedranno pi\u00f9 gli annunci pubblicitari quando si visita il nostro Sito. In caso di rifiuto, l'utente continuer\u00e0 a visualizzare annunci pubblicitari non personalizzati sul Sito.<\/p>\n<p>Il sito web raccoglie i seguenti dati utilizzando un cookie quando serve annunci personalizzati:<\/p>\n<ul>\n<li>Indirizzo IP<\/li>\n<li>Tipo di sistema operativo<\/li>\n<li>Versione del sistema operativo<\/li>\n<li>Tipo di dispositivo<\/li>\n<li>Lingua del sito web<\/li>\n<li>Tipo di browser web<\/li>\n<li>Email (in forma di hash)<\/li>\n<\/ul>\n<p>Mediavine Partners (companies listed below with whom Mediavine shares data) may also use this data to link to other end user information the partner has independently collected to deliver targeted advertisements. Mediavine Partners may also separately collect data about end users from other sources, such as advertising IDs or pixels, and link that data to data collected from Mediavine publishers in order to provide interest-based advertising across your online experience, including devices, browsers and apps. This data includes usage data, cookie information, device information, information about interactions between users and advertisements and websites, geolocation data, traffic data, and information about a visitor\u2019s referral source to a particular website. Mediavine Partners may also create unique IDs to create audience segments, which are used to provide targeted advertising.<\/p>\n<p>Se desiderate maggiori informazioni su questa pratica e conoscere le vostre scelte di opt-in o opt-out da questa raccolta di dati, visitate il sito <a href=\"https:\/\/thenai.org\/opt-out\/\" target=\"_blank\" rel=\"noreferrer noopener nofollow\">Pagina di opt-out della National Advertising Initiative<\/a>. Potete anche visitare <a href=\"http:\/\/optout.aboutads.info\/#\/\" target=\"_blank\" rel=\"noreferrer noopener nofollow\">Sito web della Digital Advertising Alliance<\/a> e <a href=\"http:\/\/optout.networkadvertising.org\/#\" target=\"_blank\" rel=\"noreferrer noopener nofollow\">Sito web della Network Advertising Initiative<\/a> per avere maggiori informazioni sulla pubblicit\u00e0 basata sugli interessi. \u00c8 possibile scaricare l'applicazione AppChoices all'indirizzo <a href=\"https:\/\/youradchoices.com\/appchoices\" target=\"_blank\" rel=\"noreferrer noopener nofollow\">Digital Advertising Alliance\u2019s AppChoices app<\/a> per rinunciare alle applicazioni mobili, o utilizzare i controlli della piattaforma sul vostro dispositivo mobile per rinunciare.<\/p>\n<p>Per informazioni specifiche su Mediavine Partners, sui dati che ciascuno di essi raccoglie e sulle loro politiche di raccolta dati e di privacy, visitate il sito <a href=\"https:\/\/www.mediavine.com\/ad-partners\/\" target=\"_blank\" rel=\"noreferrer noopener nofollow\">Partner Mediavine<\/a>.<\/p>\n<h2><b>Contatto<\/b><\/h2>\n<p>In caso di domande o suggerimenti sulla nostra Informativa sulla privacy, non esitate a contattarci all'indirizzo privacypolicy@herway.net.<\/p>","protected":false},"excerpt":{"rendered":"<p>Mediavine Programmatic Advertising (Ver 1.1) The Website works with Mediavine to manage third-party interest-based advertising appearing on the Website. Mediavine serves content and advertisements when you visit the Website, which may use first and third-party cookies. A cookie is a small text file which is sent to your computer or mobile device (referred to in&#8230;<\/p>","protected":false},"author":2,"featured_media":90771,"parent":0,"menu_order":0,"comment_status":"closed","ping_status":"closed","template":"","meta":{"_kad_blocks_custom_css":"","_kad_blocks_head_custom_js":"","_kad_blocks_body_custom_js":"","_kad_blocks_footer_custom_js":"","_kadence_starter_templates_imported_post":false,"_kad_post_transparent":"","_kad_post_title":"","_kad_post_layout":"","_kad_post_sidebar_id":"","_kad_post_content_style":"","_kad_post_vertical_padding":"","_kad_post_feature":"","_kad_post_feature_position":"","_kad_post_header":false,"_kad_post_footer":false,"footnotes":""},"class_list":["post-302","page","type-page","status-publish","has-post-thumbnail","hentry"],"taxonomy_info":[],"featured_image_src_large":["https:\/\/herway.net\/wp-content\/uploads\/2020\/07\/herway-1.png",300,300,false],"author_info":{"display_name":"haris","author_link":"https:\/\/herway.net\/it\/author\/haris\/"},"comment_info":0,"_links":{"self":[{"href":"https:\/\/herway.net\/it\/wp-json\/wp\/v2\/pages\/302","targetHints":{"allow":["GET"]}}],"collection":[{"href":"https:\/\/herway.net\/it\/wp-json\/wp\/v2\/pages"}],"about":[{"href":"https:\/\/herway.net\/it\/wp-json\/wp\/v2\/types\/page"}],"author":[{"embeddable":true,"href":"https:\/\/herway.net\/it\/wp-json\/wp\/v2\/users\/2"}],"replies":[{"embeddable":true,"href":"https:\/\/herway.net\/it\/wp-json\/wp\/v2\/comments?post=302"}],"version-history":[{"count":0,"href":"https:\/\/herway.net\/it\/wp-json\/wp\/v2\/pages\/302\/revisions"}],"wp:featuredmedia":[{"embeddable":true,"href":"https:\/\/herway.net\/it\/wp-json\/wp\/v2\/media\/90771"}],"wp:attachment":[{"href":"https:\/\/herway.net\/it\/wp-json\/wp\/v2\/media?parent=302"}],"curies":[{"name":"wp","href":"https:\/\/api.w.org\/{rel}","templated":true}]}}