{"id":297,"date":"2017-05-10T21:26:31","date_gmt":"2017-05-10T21:26:31","guid":{"rendered":"http:\/\/herway.net\/?page_id=297"},"modified":"2025-10-23T15:51:05","modified_gmt":"2025-10-23T13:51:05","slug":"sobre","status":"publish","type":"page","link":"https:\/\/herway.net\/pt\/sobre\/","title":{"rendered":"Sobre n\u00f3s"},"content":{"rendered":"<style>.kb-row-layout-id297_52196c-87 > .kt-row-column-wrap{align-content:center;}:where(.kb-row-layout-id297_52196c-87 > .kt-row-column-wrap) > .wp-block-kadence-column{justify-content:center;}.kb-row-layout-id297_52196c-87 > .kt-row-column-wrap{column-gap:var(--global-kb-gap-md, 2rem);row-gap:var(--global-kb-gap-md, 2rem);max-width:var( --global-content-width, 1290px );padding-left:var(--global-content-edge-padding);padding-right:var(--global-content-edge-padding);padding-top:20px;padding-bottom:200px;min-height:186px;grid-template-columns:minmax(0, calc(70% - ((var(--global-kb-gap-md, 2rem) * 1 )\/2)))minmax(0, calc(30% - ((var(--global-kb-gap-md, 2rem) * 1 )\/2)));}.kb-row-layout-id297_52196c-87{background-image:url('https:\/\/herway.net\/wp-content\/uploads\/2025\/03\/Dream-About-the-Future-Together.jpeg');background-size:cover;background-position:48% 50%;background-attachment:scroll;background-repeat:no-repeat;}.kb-row-layout-id297_52196c-87 > .kt-row-layout-overlay{opacity:0.85;background-color:var(--global-palette9, #ffffff);}@media all and (max-width: 1024px){.kb-row-layout-id297_52196c-87 > .kt-row-column-wrap{padding-top:200px;grid-template-columns:minmax(0, 1fr);}}@media all and (max-width: 767px){.kb-row-layout-id297_52196c-87 > .kt-row-column-wrap{padding-top:140px;padding-bottom:140px;grid-template-columns:minmax(0, 1fr);}}<\/style><div class=\"kb-row-layout-wrap kb-row-layout-id297_52196c-87 alignfull has-theme-palette9-background-color kt-row-has-bg wp-block-kadence-rowlayout\"><div class=\"kt-row-layout-overlay kt-row-overlay-normal\"><\/div><div class=\"kt-row-column-wrap kt-has-2-columns kt-row-layout-equal kt-tab-layout-row kt-mobile-layout-row kt-row-valign-middle kb-theme-content-width\">\n<style>.kadence-column297_02a5b3-ce > .kt-inside-inner-col,.kadence-column297_02a5b3-ce > .kt-inside-inner-col:before{border-top-left-radius:0px;border-top-right-radius:0px;border-bottom-right-radius:0px;border-bottom-left-radius:0px;}.kadence-column297_02a5b3-ce > .kt-inside-inner-col{column-gap:var(--global-kb-gap-sm, 1rem);}.kadence-column297_02a5b3-ce > .kt-inside-inner-col{flex-direction:column;}.kadence-column297_02a5b3-ce > .kt-inside-inner-col > .aligncenter{width:100%;}.kadence-column297_02a5b3-ce > .kt-inside-inner-col:before{opacity:0.3;}.kadence-column297_02a5b3-ce{position:relative;}@media all and (max-width: 1024px){.kadence-column297_02a5b3-ce > .kt-inside-inner-col{flex-direction:column;justify-content:center;}}@media all and (max-width: 767px){.kadence-column297_02a5b3-ce > .kt-inside-inner-col{flex-direction:column;justify-content:center;}}<\/style>\n<div class=\"wp-block-kadence-column kadence-column297_02a5b3-ce inner-column-1\"><div class=\"kt-inside-inner-col\"><style>.wp-block-kadence-advancedheading.kt-adv-heading297_fb16ad-40, .wp-block-kadence-advancedheading.kt-adv-heading297_fb16ad-40[data-kb-block=\"kb-adv-heading297_fb16ad-40\"]{display:block;font-size:15px;line-height:1;font-weight:600;font-style:normal;font-family:var( --global-heading-font-family, inherit );text-transform:uppercase;}.wp-block-kadence-advancedheading.kt-adv-heading297_fb16ad-40 mark.kt-highlight, .wp-block-kadence-advancedheading.kt-adv-heading297_fb16ad-40[data-kb-block=\"kb-adv-heading297_fb16ad-40\"] mark.kt-highlight{font-style:normal;color:#f76a0c;-webkit-box-decoration-break:clone;box-decoration-break:clone;padding-top:0px;padding-right:0px;padding-bottom:0px;padding-left:0px;}<\/style>\n<span class=\"kt-adv-heading297_fb16ad-40 wp-block-kadence-advancedheading has-theme-palette-3-color has-text-color\" data-kb-block=\"kb-adv-heading297_fb16ad-40\"><\/span>\n\n\n<style>.wp-block-kadence-advancedheading.kt-adv-heading297_e14ab0-2b, .wp-block-kadence-advancedheading.kt-adv-heading297_e14ab0-2b[data-kb-block=\"kb-adv-heading297_e14ab0-2b\"]{margin-top:var(--global-kb-spacing-xs, 1rem);margin-bottom:var(--global-kb-spacing-xs, 1rem);font-size:80px;line-height:1;font-style:normal;}.wp-block-kadence-advancedheading.kt-adv-heading297_e14ab0-2b mark.kt-highlight, .wp-block-kadence-advancedheading.kt-adv-heading297_e14ab0-2b[data-kb-block=\"kb-adv-heading297_e14ab0-2b\"] mark.kt-highlight{font-style:normal;color:#f76a0c;-webkit-box-decoration-break:clone;box-decoration-break:clone;padding-top:0px;padding-right:0px;padding-bottom:0px;padding-left:0px;}@media all and (max-width: 1024px){.wp-block-kadence-advancedheading.kt-adv-heading297_e14ab0-2b, .wp-block-kadence-advancedheading.kt-adv-heading297_e14ab0-2b[data-kb-block=\"kb-adv-heading297_e14ab0-2b\"]{text-align:center!important;}}@media all and (max-width: 767px){.wp-block-kadence-advancedheading.kt-adv-heading297_e14ab0-2b, .wp-block-kadence-advancedheading.kt-adv-heading297_e14ab0-2b[data-kb-block=\"kb-adv-heading297_e14ab0-2b\"]{font-size:40px;text-align:left!important;}}<\/style>\n<h2 class=\"kt-adv-heading297_e14ab0-2b wp-block-kadence-advancedheading has-theme-palette-3-color has-text-color\" data-kb-block=\"kb-adv-heading297_e14ab0-2b\">Sobre n\u00f3s<\/h2>\n\n\n<style>.wp-block-kadence-advancedheading.kt-adv-heading297_b75bbf-43, .wp-block-kadence-advancedheading.kt-adv-heading297_b75bbf-43[data-kb-block=\"kb-adv-heading297_b75bbf-43\"]{max-width:600px;font-style:normal;}.wp-block-kadence-advancedheading.kt-adv-heading297_b75bbf-43 mark.kt-highlight, .wp-block-kadence-advancedheading.kt-adv-heading297_b75bbf-43[data-kb-block=\"kb-adv-heading297_b75bbf-43\"] mark.kt-highlight{font-style:normal;color:#f76a0c;-webkit-box-decoration-break:clone;box-decoration-break:clone;padding-top:0px;padding-right:0px;padding-bottom:0px;padding-left:0px;}@media all and (max-width: 1024px){.wp-block-kadence-advancedheading.kt-adv-heading297_b75bbf-43, .wp-block-kadence-advancedheading.kt-adv-heading297_b75bbf-43[data-kb-block=\"kb-adv-heading297_b75bbf-43\"]{text-align:center!important;}}@media all and (max-width: 767px){.wp-block-kadence-advancedheading.kt-adv-heading297_b75bbf-43, .wp-block-kadence-advancedheading.kt-adv-heading297_b75bbf-43[data-kb-block=\"kb-adv-heading297_b75bbf-43\"]{text-align:left!important;}}<\/style>\n<p class=\"kt-adv-heading297_b75bbf-43 wp-block-kadence-advancedheading has-theme-palette-4-color has-text-color\" data-kb-block=\"kb-adv-heading297_b75bbf-43\">A nossa vis\u00e3o \u00e9 ajudar as mulheres da gera\u00e7\u00e3o do mil\u00e9nio a desenvolver a sua autoestima; apoi\u00e1-las na cria\u00e7\u00e3o e manuten\u00e7\u00e3o de la\u00e7os fortes entre as suas fam\u00edlias e amigos; e ser uma voz da raz\u00e3o no que diz respeito \u00e0s suas rela\u00e7\u00f5es.<br>We hope you\u2019ll find what you\u2019re looking for, so keep your heads up and remember\u2014we are here for you in every step you take.<\/p>\n\n\n<style>.wp-block-kadence-advancedbtn.kb-btns297_30efe6-85{gap:var(--global-kb-gap-xs, 0.5rem );justify-content:flex-start;align-items:center;}.kt-btns297_30efe6-85 .kt-button{font-weight:normal;font-style:normal;}@media all and (max-width: 1024px){.wp-block-kadence-advancedbtn.kb-btns297_30efe6-85{justify-content:center;}}@media all and (max-width: 767px){.wp-block-kadence-advancedbtn.kb-btns297_30efe6-85{justify-content:flex-start;}}<\/style>\n<div class=\"wp-block-kadence-advancedbtn kb-buttons-wrap kb-btns297_30efe6-85\"><style>ul.menu .wp-block-kadence-advancedbtn .kb-btn297_218913-39.kb-button{width:initial;}.wp-block-kadence-advancedbtn .kb-btn297_218913-39.kb-button{background:#051e41;}<\/style><a class=\"kb-button kt-button button kb-btn297_218913-39 kt-btn-size-standard kt-btn-width-type-auto kb-btn-global-inherit kt-btn-has-text-true kt-btn-has-svg-false  wp-block-button__link wp-block-kadence-singlebtn\" href=\"https:\/\/herway.net\/pt\/contactar-nos\/\"><span class=\"kt-btn-inner-text\">Contactar-nos<\/span><\/a><\/div>\n<\/div><\/div>\n\n\n<style>.kadence-column297_835c02-79 > .kt-inside-inner-col,.kadence-column297_835c02-79 > .kt-inside-inner-col:before{border-top-left-radius:0px;border-top-right-radius:0px;border-bottom-right-radius:0px;border-bottom-left-radius:0px;}.kadence-column297_835c02-79 > .kt-inside-inner-col{column-gap:var(--global-kb-gap-sm, 1rem);}.kadence-column297_835c02-79 > .kt-inside-inner-col{flex-direction:column;}.kadence-column297_835c02-79 > .kt-inside-inner-col > .aligncenter{width:100%;}.kadence-column297_835c02-79 > .kt-inside-inner-col:before{opacity:0.3;}.kadence-column297_835c02-79{position:relative;}@media all and (max-width: 1024px){.kadence-column297_835c02-79 > .kt-inside-inner-col{flex-direction:column;justify-content:center;}}@media all and (max-width: 767px){.kadence-column297_835c02-79 > .kt-inside-inner-col{flex-direction:column;justify-content:center;}}<\/style>\n<div class=\"wp-block-kadence-column kadence-column297_835c02-79 kvs-md-false kvs-sm-false inner-column-2\"><div class=\"kt-inside-inner-col\"><\/div><\/div>\n\n<\/div><\/div>\n\n<style>.kb-row-layout-wrap.wp-block-kadence-rowlayout.kb-row-layout-id297_1e0ebf-7c{margin-top:0px;margin-bottom:0px;}.kb-row-layout-id297_1e0ebf-7c > .kt-row-column-wrap{align-content:center;}:where(.kb-row-layout-id297_1e0ebf-7c > .kt-row-column-wrap) > .wp-block-kadence-column{justify-content:center;}.kb-row-layout-id297_1e0ebf-7c > .kt-row-column-wrap{column-gap:var(--global-kb-gap-none, 0rem );row-gap:var(--global-kb-gap-none, 0rem );max-width:1000px;margin-left:auto;margin-right:auto;padding-top:0px;padding-right:0px;padding-bottom:65px;padding-left:0px;grid-template-columns:minmax(0, 1fr);}.kb-row-layout-id297_1e0ebf-7c > .kt-row-layout-overlay{opacity:0.00;}@media all and (max-width: 1024px){.kb-row-layout-wrap.wp-block-kadence-rowlayout.kb-row-layout-id297_1e0ebf-7c{margin-top:30px;margin-bottom:0px;}}@media all and (max-width: 1024px){.kb-row-layout-id297_1e0ebf-7c > .kt-row-column-wrap{padding-top:0px;padding-right:20px;padding-bottom:0px;padding-left:20px;grid-template-columns:minmax(0, 1fr);}}@media all and (max-width: 767px){.kb-row-layout-id297_1e0ebf-7c > .kt-row-column-wrap{grid-template-columns:minmax(0, 1fr);}}<\/style><div class=\"kb-row-layout-wrap kb-row-layout-id297_1e0ebf-7c alignfull has-theme-palette3-background-color kt-row-has-bg wp-block-kadence-rowlayout\"><div class=\"kt-row-column-wrap kt-has-1-columns kt-row-layout-equal kt-tab-layout-inherit kt-mobile-layout-row kt-row-valign-middle\">\n<style>.kadence-column297_a61e16-85 > .kt-inside-inner-col{display:flex;}.kadence-column297_a61e16-85 > .kt-inside-inner-col{padding-top:var(--global-kb-spacing-md, 2rem);padding-right:var(--global-kb-spacing-lg, 3rem);padding-bottom:var(--global-kb-spacing-md, 2rem);padding-left:var(--global-kb-spacing-lg, 3rem);}.kadence-column297_a61e16-85 > .kt-inside-inner-col{box-shadow:20px 20px 80px 0px rgba(43, 35, 34, 0.27);border-top:1px solid transparent;border-right:1px solid transparent;border-bottom:1px solid transparent;border-left:1px solid transparent;}.kadence-column297_a61e16-85 > .kt-inside-inner-col,.kadence-column297_a61e16-85 > .kt-inside-inner-col:before{border-top-left-radius:10px;border-top-right-radius:10px;border-bottom-right-radius:10px;border-bottom-left-radius:10px;}.kadence-column297_a61e16-85 > .kt-inside-inner-col{column-gap:var(--global-kb-gap-sm, 1rem);}.kadence-column297_a61e16-85 > .kt-inside-inner-col{flex-direction:column;justify-content:center;}.kadence-column297_a61e16-85 > .kt-inside-inner-col > .aligncenter{width:100%;}.kt-row-column-wrap > .kadence-column297_a61e16-85{align-self:center;}.kt-inner-column-height-full:not(.kt-has-1-columns) > .wp-block-kadence-column.kadence-column297_a61e16-85{align-self:auto;}.kt-inner-column-height-full:not(.kt-has-1-columns) > .wp-block-kadence-column.kadence-column297_a61e16-85 > .kt-inside-inner-col{flex-direction:column;justify-content:center;}.kadence-column297_a61e16-85 > .kt-inside-inner-col{background-color:var(--global-palette7, #EDF2F7);}.kadence-column297_a61e16-85 > .kt-inside-inner-col:before{opacity:0.3;}.kadence-column297_a61e16-85{z-index:100;position:relative;}.kadence-column297_a61e16-85, .kt-inside-inner-col > .kadence-column297_a61e16-85:not(.specificity){margin-top:-110px;margin-right:0px;margin-bottom:0px;margin-left:0px;}@media all and (max-width: 1024px){.kadence-column297_a61e16-85 > .kt-inside-inner-col{border-top:1px solid transparent;border-right:1px solid transparent;border-bottom:1px solid transparent;border-left:1px solid transparent;flex-direction:column;justify-content:center;}}@media all and (max-width: 1024px){.kt-row-column-wrap > .kadence-column297_a61e16-85{align-self:center;}}@media all and (max-width: 1024px){.kt-inner-column-height-full:not(.kt-has-1-columns) > .wp-block-kadence-column.kadence-column297_a61e16-85{align-self:auto;}}@media all and (max-width: 1024px){.kt-inner-column-height-full:not(.kt-has-1-columns) > .wp-block-kadence-column.kadence-column297_a61e16-85 > .kt-inside-inner-col{flex-direction:column;justify-content:center;}}@media all and (max-width: 1024px){.kadence-column297_a61e16-85, .kt-inside-inner-col > .kadence-column297_a61e16-85:not(.specificity){margin-top:0px;margin-right:0px;margin-bottom:0px;margin-left:0px;}}@media all and (max-width: 767px){.kadence-column297_a61e16-85 > .kt-inside-inner-col{padding-top:30px;padding-right:30px;padding-bottom:30px;padding-left:30px;border-top:1px solid transparent;border-right:1px solid transparent;border-bottom:1px solid transparent;border-left:1px solid transparent;flex-direction:column;justify-content:center;}.kt-row-column-wrap > .kadence-column297_a61e16-85{align-self:center;}.kt-inner-column-height-full:not(.kt-has-1-columns) > .wp-block-kadence-column.kadence-column297_a61e16-85{align-self:auto;}.kt-inner-column-height-full:not(.kt-has-1-columns) > .wp-block-kadence-column.kadence-column297_a61e16-85 > .kt-inside-inner-col{flex-direction:column;justify-content:center;}}<\/style>\n<div class=\"wp-block-kadence-column kadence-column297_a61e16-85 border-stl\"><div class=\"kt-inside-inner-col\"><style>.kb-row-layout-id297_c936a3-c2 > .kt-row-column-wrap{align-content:center;}:where(.kb-row-layout-id297_c936a3-c2 > .kt-row-column-wrap) > .wp-block-kadence-column{justify-content:center;}.kb-row-layout-id297_c936a3-c2 > .kt-row-column-wrap{column-gap:40px;row-gap:var(--global-kb-gap-md, 2rem);max-width:1250px;margin-left:auto;margin-right:auto;padding-top:0px;padding-right:0px;padding-bottom:0px;padding-left:0px;grid-template-columns:minmax(0, calc(25% - ((40px * 1 )\/2)))minmax(0, calc(75% - ((40px * 1 )\/2)));}.kb-row-layout-id297_c936a3-c2 > .kt-row-layout-overlay{opacity:0.30;}@media all and (max-width: 1024px){.kb-row-layout-id297_c936a3-c2 > .kt-row-column-wrap{grid-template-columns:minmax(0, 1fr) minmax(0, 2fr);}}@media all and (max-width: 767px){.kb-row-layout-id297_c936a3-c2 > .kt-row-column-wrap{grid-template-columns:minmax(0, 1fr);}}<\/style><div class=\"kb-row-layout-wrap kb-row-layout-id297_c936a3-c2 alignnone wp-block-kadence-rowlayout\"><div class=\"kt-row-column-wrap kt-has-2-columns kt-row-layout-right-golden kt-tab-layout-inherit kt-mobile-layout-row kt-row-valign-middle\">\n<style>.kadence-column297_1daf7f-59 > .kt-inside-inner-col{padding-top:0px;padding-right:0px;padding-bottom:0px;padding-left:0px;}.kadence-column297_1daf7f-59 > .kt-inside-inner-col,.kadence-column297_1daf7f-59 > .kt-inside-inner-col:before{border-top-left-radius:0px;border-top-right-radius:0px;border-bottom-right-radius:0px;border-bottom-left-radius:0px;}.kadence-column297_1daf7f-59 > .kt-inside-inner-col{column-gap:var(--global-kb-gap-sm, 1rem);}.kadence-column297_1daf7f-59 > .kt-inside-inner-col{flex-direction:column;}.kadence-column297_1daf7f-59 > .kt-inside-inner-col > .aligncenter{width:100%;}.kadence-column297_1daf7f-59 > .kt-inside-inner-col:before{opacity:0.3;}.kadence-column297_1daf7f-59{position:relative;}@media all and (max-width: 1024px){.kadence-column297_1daf7f-59 > .kt-inside-inner-col{flex-direction:column;justify-content:center;}}@media all and (max-width: 767px){.kadence-column297_1daf7f-59 > .kt-inside-inner-col{flex-direction:column;justify-content:center;}}<\/style>\n<div class=\"wp-block-kadence-column kadence-column297_1daf7f-59 inner-column-1\"><div class=\"kt-inside-inner-col\"><\/div><\/div>\n\n\n<style>.kadence-column297_5a0d1e-d0 > .kt-inside-inner-col{display:flex;}.kadence-column297_5a0d1e-d0 > .kt-inside-inner-col{padding-top:10px;padding-right:10px;padding-bottom:10px;padding-left:10px;}.kadence-column297_5a0d1e-d0 > .kt-inside-inner-col,.kadence-column297_5a0d1e-d0 > .kt-inside-inner-col:before{border-top-left-radius:0px;border-top-right-radius:0px;border-bottom-right-radius:0px;border-bottom-left-radius:0px;}.kadence-column297_5a0d1e-d0 > .kt-inside-inner-col{column-gap:var(--global-kb-gap-sm, 1rem);}.kadence-column297_5a0d1e-d0 > .kt-inside-inner-col{flex-direction:column;justify-content:center;}.kadence-column297_5a0d1e-d0 > .kt-inside-inner-col > .aligncenter{width:100%;}.kt-row-column-wrap > .kadence-column297_5a0d1e-d0{align-self:center;}.kt-inner-column-height-full:not(.kt-has-1-columns) > .wp-block-kadence-column.kadence-column297_5a0d1e-d0{align-self:auto;}.kt-inner-column-height-full:not(.kt-has-1-columns) > .wp-block-kadence-column.kadence-column297_5a0d1e-d0 > .kt-inside-inner-col{flex-direction:column;justify-content:center;}.kadence-column297_5a0d1e-d0 > .kt-inside-inner-col:before{opacity:0.3;}.kadence-column297_5a0d1e-d0{position:relative;}.kadence-column297_5a0d1e-d0, .kt-inside-inner-col > .kadence-column297_5a0d1e-d0:not(.specificity){margin-top:0px;margin-right:0px;margin-bottom:0px;margin-left:20px;}@media all and (max-width: 1024px){.kt-row-column-wrap > .kadence-column297_5a0d1e-d0{align-self:center;}}@media all and (max-width: 1024px){.kt-inner-column-height-full:not(.kt-has-1-columns) > .wp-block-kadence-column.kadence-column297_5a0d1e-d0{align-self:auto;}}@media all and (max-width: 1024px){.kt-inner-column-height-full:not(.kt-has-1-columns) > .wp-block-kadence-column.kadence-column297_5a0d1e-d0 > .kt-inside-inner-col{flex-direction:column;justify-content:center;}}@media all and (max-width: 1024px){.kadence-column297_5a0d1e-d0 > .kt-inside-inner-col{flex-direction:column;justify-content:center;}}@media all and (max-width: 767px){.kt-row-column-wrap > .kadence-column297_5a0d1e-d0{align-self:center;}.kt-inner-column-height-full:not(.kt-has-1-columns) > .wp-block-kadence-column.kadence-column297_5a0d1e-d0{align-self:auto;}.kt-inner-column-height-full:not(.kt-has-1-columns) > .wp-block-kadence-column.kadence-column297_5a0d1e-d0 > .kt-inside-inner-col{flex-direction:column;justify-content:center;}.kadence-column297_5a0d1e-d0 > .kt-inside-inner-col{flex-direction:column;justify-content:center;}.kadence-column297_5a0d1e-d0, .kt-inside-inner-col > .kadence-column297_5a0d1e-d0:not(.specificity){margin-top:0px;margin-right:0px;margin-bottom:0px;margin-left:0px;}}<\/style>\n<div class=\"wp-block-kadence-column kadence-column297_5a0d1e-d0 inner-column-2\"><div class=\"kt-inside-inner-col\">\n<h2 class=\"wp-block-heading\"><strong>Conhe\u00e7a os nossos escritores:<\/strong><\/h2>\n\n\n\n<h2 class=\"wp-block-heading\">Am\u00e9lia Prinn<\/h2>\n\n\n\n<p>Amelia Prinn escreve sobre rela\u00e7\u00f5es e casamento de todos os \u00e2ngulos poss\u00edveis. \u00c9 apaixonada por ajudar os outros a aprender a alimentar o seu amor sem ignorar as suas pr\u00f3prias necessidades, mas tamb\u00e9m por saber que tipo de comportamento numa rela\u00e7\u00e3o n\u00e3o deve ser tolerado.<\/p>\n\n\n\n<h2 class=\"wp-block-heading\">Christine Keller<\/h2>\n\n\n\n<p>A Christine escreve todo o tipo de conselhos fant\u00e1sticos sobre como prosperar apesar das dificuldades que a vida lhe coloca. Como psic\u00f3loga, explora diferentes tipos de personalidade e partilha todo o seu conhecimento consigo, esperando que o ajude a lidar com os desafios do dia a dia.<\/p>\n\n\n\n<h2 class=\"wp-block-heading\">Leah Lee<\/h2>\n\n\n\n<p>Leah Lee sabe exatamente como esquecer um homem. A sua experi\u00eancia como life-coach e psic\u00f3loga ensinou-lhe todas as coisas certas a fazer e a dizer quando se trata de tentar esquecer algu\u00e9m e deix\u00e1-lo no passado, mas tamb\u00e9m como se comportar entretanto.<\/p>\n\n\n\n<h2 class=\"wp-block-heading\">Ariel Quinn<\/h2>\n\n\n\n<p>If there&#8217;s anyone in this world who can truly find the right words to explain what love is, it&#8217;s Ariel. She helps women recognize spiritual and physical signs they&#8217;ve found their soulmate, and inspires them to remain patient while finding true love.<\/p>\n\n\n\n<h2 class=\"wp-block-heading\">Amy Nicholson<\/h2>\n\n\n\n<p>Amy Nicholson conhece todas as perguntas que pode fazer ao seu amante, ao seu amigo ou a um completo desconhecido. Ela torna-as divertidas e transforma-as num jogo!<\/p>\n\n\n\n<h2 class=\"wp-block-heading\">Owen Scott<\/h2>\n\n\n\n<p>Owen Scott apresenta uma perspetiva masculina do amor e das rela\u00e7\u00f5es. Como se sabe, todas as hist\u00f3rias t\u00eam dois lados e Owen conta a sua.<\/p>\n\n\n\n<h2 class=\"wp-block-heading\">Lorena Thomas<\/h2>\n\n\n\n<p>Lorena Thomas \u00e9 uma astr\u00f3loga certificada que sabe sempre o que os astros t\u00eam reservado para si. Se tiver uma pergunta, ela encontrar\u00e1 a resposta na astrologia.<\/p>\n\n\n\n<h2 class=\"wp-block-heading\">Inna Williams<\/h2>\n\n\n\n<p>As coisas que acontecem na cama reflectem-se nas coisas que acontecem fora dela. Quer estejam a ter sexo casual ou a fazer amor, a nossa terapeuta sexual e consultora de rela\u00e7\u00f5es Inna Williams tem sempre alguns truques e dicas quentes para partilhar.<\/p>\n\n\n\n<h2 class=\"wp-block-heading\">Katie Burns<\/h2>\n\n\n\n<p>Katie pensou numa forma intrigante de ajudar tanto os homens como as mulheres a sentirem-se mais preenchidos e mais f\u00e1ceis nas suas rela\u00e7\u00f5es: ela d\u00e1 aos homens conselhos sobre como compreender, seduzir e tratar as mulheres de uma forma que realmente lhes agrade. Brilhante, n\u00e3o \u00e9?<\/p>\n<\/div><\/div>\n\n<\/div><\/div><\/div><\/div>\n\n<\/div><\/div>","protected":false},"excerpt":{"rendered":"<p>About us Our vision is to help millennial females build self esteem; to support them in creating and keeping strong bonds between their families and friends; and to be a voice of reason when it comes to their relationships.We hope you\u2019ll find what you\u2019re looking for, so keep your heads up and remember\u2014we are here&#8230;<\/p>","protected":false},"author":2,"featured_media":90771,"parent":0,"menu_order":0,"comment_status":"closed","ping_status":"closed","template":"","meta":{"_kad_blocks_custom_css":"","_kad_blocks_head_custom_js":"","_kad_blocks_body_custom_js":"","_kad_blocks_footer_custom_js":"","_kadence_starter_templates_imported_post":false,"_kad_post_transparent":"","_kad_post_title":"","_kad_post_layout":"","_kad_post_sidebar_id":"","_kad_post_content_style":"","_kad_post_vertical_padding":"","_kad_post_feature":"","_kad_post_feature_position":"","_kad_post_header":false,"_kad_post_footer":false,"footnotes":""},"class_list":["post-297","page","type-page","status-publish","has-post-thumbnail","hentry"],"taxonomy_info":[],"featured_image_src_large":["https:\/\/herway.net\/wp-content\/uploads\/2020\/07\/herway-1.png",300,300,false],"author_info":{"display_name":"haris","author_link":"https:\/\/herway.net\/pt\/author\/haris\/"},"comment_info":0,"_links":{"self":[{"href":"https:\/\/herway.net\/pt\/wp-json\/wp\/v2\/pages\/297","targetHints":{"allow":["GET"]}}],"collection":[{"href":"https:\/\/herway.net\/pt\/wp-json\/wp\/v2\/pages"}],"about":[{"href":"https:\/\/herway.net\/pt\/wp-json\/wp\/v2\/types\/page"}],"author":[{"embeddable":true,"href":"https:\/\/herway.net\/pt\/wp-json\/wp\/v2\/users\/2"}],"replies":[{"embeddable":true,"href":"https:\/\/herway.net\/pt\/wp-json\/wp\/v2\/comments?post=297"}],"version-history":[{"count":5,"href":"https:\/\/herway.net\/pt\/wp-json\/wp\/v2\/pages\/297\/revisions"}],"predecessor-version":[{"id":264874,"href":"https:\/\/herway.net\/pt\/wp-json\/wp\/v2\/pages\/297\/revisions\/264874"}],"wp:featuredmedia":[{"embeddable":true,"href":"https:\/\/herway.net\/pt\/wp-json\/wp\/v2\/media\/90771"}],"wp:attachment":[{"href":"https:\/\/herway.net\/pt\/wp-json\/wp\/v2\/media?parent=297"}],"curies":[{"name":"wp","href":"https:\/\/api.w.org\/{rel}","templated":true}]}}