{"id":302,"date":"2017-05-10T21:28:34","date_gmt":"2017-05-10T21:28:34","guid":{"rendered":"http:\/\/herway.net\/?page_id=302"},"modified":"2022-05-10T13:10:49","modified_gmt":"2022-05-10T13:10:49","slug":"politica-de-privacidade","status":"publish","type":"page","link":"https:\/\/herway.net\/pt\/politica-de-privacidade\/","title":{"rendered":"Pol\u00edtica de privacidade"},"content":{"rendered":"<h3>Publicidade program\u00e1tica Mediavine (Ver 1.1)<\/h3>\n<p>The Website works with Mediavine to manage third-party interest-based advertising appearing on the Website. Mediavine serves content and advertisements when you visit the Website, which may use first and third-party cookies. A cookie is a small text file which is sent to your computer or mobile device (referred to in this policy as a \u201cdevice\u201d) by the web server so that a website can remember some information about your browsing activity on the Website.<\/p>\n<p>First party cookies are created by the website that you are visiting. A third-party cookie is frequently used in behavioral advertising and analytics and is created by a domain other than the website you are visiting. Third-party cookies, tags, pixels, beacons and other similar technologies (collectively, \u201cTags\u201d) may be placed on the Website to monitor interaction with advertising content and to target and optimize advertising. Each internet browser has functionality so that you can block both first and third-party cookies and clear your browser\u2019s cache. The &#8220;help&#8221; feature of the menu bar on most browsers will tell you how to stop accepting new cookies, how to receive notification of new cookies, how to disable existing cookies and how to clear your browser\u2019s cache. For more information about cookies and how to disable them, you can consult the information at <a href=\"https:\/\/www.allaboutcookies.org\/manage-cookies\/\" target=\"_blank\" rel=\"noreferrer noopener nofollow\">Tudo sobre cookies<\/a>.<\/p>\n<p>Sem cookies, o utilizador pode n\u00e3o conseguir tirar o m\u00e1ximo partido do conte\u00fado e das funcionalidades do Web site. Tenha em aten\u00e7\u00e3o que a rejei\u00e7\u00e3o de cookies n\u00e3o significa que deixar\u00e1 de ver an\u00fancios quando visitar o nosso Site. Caso opte por recusar, continuar\u00e1 a ver an\u00fancios n\u00e3o personalizados no Web site.<\/p>\n<p>O Website recolhe os seguintes dados utilizando um cookie quando apresenta an\u00fancios personalizados:<\/p>\n<ul>\n<li>Endere\u00e7o IP<\/li>\n<li>Tipo de sistema operativo<\/li>\n<li>Vers\u00e3o do sistema operativo<\/li>\n<li>Tipo de dispositivo<\/li>\n<li>L\u00edngua do s\u00edtio Web<\/li>\n<li>Tipo de navegador Web<\/li>\n<li>Correio eletr\u00f3nico (em forma de hash)<\/li>\n<\/ul>\n<p>Mediavine Partners (companies listed below with whom Mediavine shares data) may also use this data to link to other end user information the partner has independently collected to deliver targeted advertisements. Mediavine Partners may also separately collect data about end users from other sources, such as advertising IDs or pixels, and link that data to data collected from Mediavine publishers in order to provide interest-based advertising across your online experience, including devices, browsers and apps. This data includes usage data, cookie information, device information, information about interactions between users and advertisements and websites, geolocation data, traffic data, and information about a visitor\u2019s referral source to a particular website. Mediavine Partners may also create unique IDs to create audience segments, which are used to provide targeted advertising.<\/p>\n<p>Se pretender obter mais informa\u00e7\u00f5es sobre esta pr\u00e1tica e conhecer as suas op\u00e7\u00f5es para aceitar ou recusar esta recolha de dados, visite <a href=\"https:\/\/thenai.org\/opt-out\/\" target=\"_blank\" rel=\"noreferrer noopener nofollow\">P\u00e1gina de auto-exclus\u00e3o da National Advertising Initiative<\/a>. Tamb\u00e9m pode visitar <a href=\"http:\/\/optout.aboutads.info\/#\/\" target=\"_blank\" rel=\"noreferrer noopener nofollow\">S\u00edtio Web da Digital Advertising Alliance<\/a> e <a href=\"http:\/\/optout.networkadvertising.org\/#\" target=\"_blank\" rel=\"noreferrer noopener nofollow\">S\u00edtio Web da Network Advertising Initiative<\/a> para obter mais informa\u00e7\u00f5es sobre publicidade baseada em interesses. Pode descarregar a aplica\u00e7\u00e3o AppChoices em <a href=\"https:\/\/youradchoices.com\/appchoices\" target=\"_blank\" rel=\"noreferrer noopener nofollow\">Digital Advertising Alliance\u2019s AppChoices app<\/a> para optar pela exclus\u00e3o em rela\u00e7\u00e3o a aplica\u00e7\u00f5es m\u00f3veis ou utilizar os controlos da plataforma no seu dispositivo m\u00f3vel para optar pela exclus\u00e3o.<\/p>\n<p>Para obter informa\u00e7\u00f5es espec\u00edficas sobre a Mediavine Partners, os dados que cada um recolhe e as respectivas pol\u00edticas de recolha de dados e de privacidade, visite <a href=\"https:\/\/www.mediavine.com\/ad-partners\/\" target=\"_blank\" rel=\"noreferrer noopener nofollow\">Parceiros Mediavine<\/a>.<\/p>\n<h2><b>Contactar-nos<\/b><\/h2>\n<p>Se tiver alguma d\u00favida ou sugest\u00e3o sobre a nossa Pol\u00edtica de Privacidade, n\u00e3o hesite em contactar-nos atrav\u00e9s do endere\u00e7o privacypolicy@herway.net<\/p>","protected":false},"excerpt":{"rendered":"<p>Mediavine Programmatic Advertising (Ver 1.1) The Website works with Mediavine to manage third-party interest-based advertising appearing on the Website. Mediavine serves content and advertisements when you visit the Website, which may use first and third-party cookies. A cookie is a small text file which is sent to your computer or mobile device (referred to in&#8230;<\/p>","protected":false},"author":2,"featured_media":90771,"parent":0,"menu_order":0,"comment_status":"closed","ping_status":"closed","template":"","meta":{"_kad_blocks_custom_css":"","_kad_blocks_head_custom_js":"","_kad_blocks_body_custom_js":"","_kad_blocks_footer_custom_js":"","_kadence_starter_templates_imported_post":false,"_kad_post_transparent":"","_kad_post_title":"","_kad_post_layout":"","_kad_post_sidebar_id":"","_kad_post_content_style":"","_kad_post_vertical_padding":"","_kad_post_feature":"","_kad_post_feature_position":"","_kad_post_header":false,"_kad_post_footer":false,"footnotes":""},"class_list":["post-302","page","type-page","status-publish","has-post-thumbnail","hentry"],"taxonomy_info":[],"featured_image_src_large":["https:\/\/herway.net\/wp-content\/uploads\/2020\/07\/herway-1.png",300,300,false],"author_info":{"display_name":"haris","author_link":"https:\/\/herway.net\/pt\/author\/haris\/"},"comment_info":0,"_links":{"self":[{"href":"https:\/\/herway.net\/pt\/wp-json\/wp\/v2\/pages\/302","targetHints":{"allow":["GET"]}}],"collection":[{"href":"https:\/\/herway.net\/pt\/wp-json\/wp\/v2\/pages"}],"about":[{"href":"https:\/\/herway.net\/pt\/wp-json\/wp\/v2\/types\/page"}],"author":[{"embeddable":true,"href":"https:\/\/herway.net\/pt\/wp-json\/wp\/v2\/users\/2"}],"replies":[{"embeddable":true,"href":"https:\/\/herway.net\/pt\/wp-json\/wp\/v2\/comments?post=302"}],"version-history":[{"count":0,"href":"https:\/\/herway.net\/pt\/wp-json\/wp\/v2\/pages\/302\/revisions"}],"wp:featuredmedia":[{"embeddable":true,"href":"https:\/\/herway.net\/pt\/wp-json\/wp\/v2\/media\/90771"}],"wp:attachment":[{"href":"https:\/\/herway.net\/pt\/wp-json\/wp\/v2\/media?parent=302"}],"curies":[{"name":"wp","href":"https:\/\/api.w.org\/{rel}","templated":true}]}}